{"id":15654,"date":"2024-01-17T20:17:37","date_gmt":"2024-01-17T17:17:37","guid":{"rendered":"https:\/\/fiftyturizm.com\/?post_type=product&#038;p=15654"},"modified":"2024-05-23T11:09:27","modified_gmt":"2024-05-23T08:09:27","slug":"kaymakli-goreme-avanos-tour","status":"publish","type":"product","link":"https:\/\/fiftyturizm.com\/index.php\/urun\/kaymakli-goreme-avanos-tour\/","title":{"rendered":"KAYMAKLI GOREME AVANOS TOUR"},"content":{"rendered":"\t\t<div data-elementor-type=\"wp-post\" data-elementor-id=\"15654\" class=\"elementor elementor-15654\">\n\t\t\t\t\t\t<section class=\"elementor-section elementor-top-section elementor-element elementor-element-ab4ab1d elementor-section-boxed elementor-section-height-default elementor-section-height-default wd-section-disabled\" data-id=\"ab4ab1d\" data-element_type=\"section\" data-e-type=\"section\">\n\t\t\t\t\t\t<div class=\"elementor-container elementor-column-gap-default\">\n\t\t\t\t\t<div class=\"elementor-column elementor-col-100 elementor-top-column elementor-element elementor-element-55df336\" data-id=\"55df336\" data-element_type=\"column\" data-e-type=\"column\">\n\t\t\t<div class=\"elementor-widget-wrap elementor-element-populated\">\n\t\t\t\t\t\t<div class=\"elementor-element elementor-element-f14d410 elementor-widget elementor-widget-wd_text_block\" data-id=\"f14d410\" data-element_type=\"widget\" data-e-type=\"widget\" data-widget_type=\"wd_text_block.default\">\n\t\t\t\t<div class=\"elementor-widget-container\">\n\t\t\t\t\t\t\t<div class=\"wd-text-block reset-last-child text-left\">\n\t\t\t\n\t\t\t<p>Our tour begins with the pick-up of our guests from their hotels with our company vehicles around 09:30 \/ 09:45 in the morning. Throughout the tour, our licensed guide accredited by the Ministry of Tourism and Culture accompanies our guests and provides information about the region. The tour route is determined based on the locations of our guests' hotels. To avoid any time loss, the route is determined by our guide according to the hotel pick-up times and locations, and our guests are informed about this matter at the beginning of the tour.<\/p><p>Our tour starts with a visit to the Kaymakl\u0131 Underground City, one of the largest and most famous underground cities in the Cappadocia region. The underground cities in Cappadocia include historical structures built in the unique geography of the region. These cities are typically deep underground complexes created by carving into soft tuff rocks. Cappadocia's underground cities were created by the people in the region to avoid past wars, protect against invasions, or find a secure refuge against natural disasters.<\/p><p>After our visit to the Kaymakl\u0131 underground city, we move towards the famous valley of G\u00fcvercinlik Vadisi (Pigeon Valley). After taking wonderful photos of the valley and pigeon houses in G\u00fcvercinlik Vadisi, our next stop is the U\u00e7hisar area. We enjoy the unique view of U\u00e7hisar Castle, then head to G\u00f6reme and take a lunch break there. After lunch, we visit the G\u00f6reme Open Air Museum, which is listed as a UNESCO World Heritage Site. Here, we will see many cave churches with wonderfully preserved frescoes that date back to the early Christian period during the time of the Roman Empire. Our guide will provide information about each church.<\/p><p>After our visit to the G\u00f6reme Open Air Museum, we move to the Avanos region via the K\u0131z\u0131l\u0131rmak River, which enriches the region both naturally and culturally. Here, we visit a pottery workshop built within an old underground city. We have the chance to watch and try the traditional pottery art at a large underground city store.<\/p><p>At the end of the tour, we drop off our guests at their hotels.<\/p><p><strong>In group tours, the maximum number of participants is 10.<\/strong><\/p><p><strong>\u00a0<\/strong><\/p><p><strong>During the tour, guests are responsible for covering the entrance fees to the historical sites. At the entrances of these historical sites, tickets can be obtained with the assistance of our guides.<\/strong><\/p><p><strong>Tour Route:<\/strong><\/p><ul><li>Kaymakl\u0131 Underground City<\/li><li>G\u00fcvercinlik Vadisi (Pigeon Valley)<\/li><li>U\u00e7hisar Castle<\/li><li>Lunch break<\/li><li>G\u00f6reme Open Air Museum<\/li><li>Avanos Pottery Workshop<\/li><\/ul><p><strong>\u00a0<\/strong><\/p><p><strong>Services Included in the Price:<\/strong><\/p><ul><li>Transfer<\/li><li>Professional, experienced, and licensed guide<\/li><li>Lunch<\/li><\/ul><p id=\"tw-target-text\" class=\"tw-data-text tw-text-large tw-ta\" dir=\"ltr\" data-placeholder=\"\u00c7eviri\" aria-label=\"\u00c7evrilmi\u015f metin\" data-ved=\"2ahUKEwjCx8mEx5uGAxXlAtsEHTduAcYQ3ewLegQIDhAU\"><span class=\"Y2IQFc\" lang=\"en\">For more information and reservations you can contact us at <a href=\"mailto:info@fiftyturizm.com\"><strong>info@fiftyturizm.com<\/strong><\/a> or<\/span><\/p><p class=\"tw-data-text tw-text-large tw-ta\" dir=\"ltr\" data-placeholder=\"\u00c7eviri\" aria-label=\"\u00c7evrilmi\u015f metin\" data-ved=\"2ahUKEwjCx8mEx5uGAxXlAtsEHTduAcYQ3ewLegQIDhAU\"><span class=\"Y2IQFc\" lang=\"en\">by phone:\u00a0<strong> +90 532 449 23 50<\/strong><\/span><\/p><p class=\"tw-data-text tw-text-large tw-ta\" dir=\"ltr\" data-placeholder=\"\u00c7eviri\" aria-label=\"\u00c7evrilmi\u015f metin\" data-ved=\"2ahUKEwjCx8mEx5uGAxXlAtsEHTduAcYQ3ewLegQIDhAU\"><strong><span class=\"Y2IQFc\" lang=\"en\">\u00a0 \u00a0 \u00a0 \u00a0 \u00a0 \u00a0 \u00a0 \u00a0 \u00a0 \u00a0 +90 543 608 87 53 <\/span><\/strong><\/p><p class=\"tw-data-text tw-text-large tw-ta\" dir=\"ltr\" data-placeholder=\"\u00c7eviri\" aria-label=\"\u00c7evrilmi\u015f metin\" data-ved=\"2ahUKEwjCx8mEx5uGAxXlAtsEHTduAcYQ3ewLegQIDhAU\"><strong><span class=\"Y2IQFc\" lang=\"en\">\u00a0 \u00a0 \u00a0 \u00a0 \u00a0 \u00a0 \u00a0 \u00a0 \u00a0 \u00a0+90 532 714 21 60<\/span><\/strong><\/p>\n\t\t\t\t\t<\/div>\n\t\t\t\t\t\t<\/div>\n\t\t\t\t<\/div>\n\t\t\t\t\t<\/div>\n\t\t<\/div>\n\t\t\t\t\t<\/div>\n\t\t<\/section>\n\t\t\t\t<\/div>\n\t\t","protected":false},"excerpt":{"rendered":"<p>Our tour begins with the pick-up of our guests from their hotels with our company vehicles around 09:30 \/ 09:45 in the morning. Throughout the tour, our licensed guide accredited by the Ministry of Tourism and Culture accompanies our guests and provides information about the region. The tour route is determined based on the locations of our guests&#8217; hotels. To avoid any time loss, the route is determined by our guide according to the hotel pick-up times and locations, and our guests are informed about this matter at the beginning of the tour.<\/p>\n","protected":false},"featured_media":15655,"template":"","meta":{"_joinchat":[]},"product_brand":[],"product_cat":[70],"product_tag":[],"class_list":{"0":"post-15654","1":"product","2":"type-product","3":"status-publish","4":"has-post-thumbnail","6":"product_cat-tours","8":"first","9":"instock","10":"shipping-taxable","11":"purchasable","12":"product-type-simple"},"_links":{"self":[{"href":"https:\/\/fiftyturizm.com\/index.php\/wp-json\/wp\/v2\/product\/15654","targetHints":{"allow":["GET"]}}],"collection":[{"href":"https:\/\/fiftyturizm.com\/index.php\/wp-json\/wp\/v2\/product"}],"about":[{"href":"https:\/\/fiftyturizm.com\/index.php\/wp-json\/wp\/v2\/types\/product"}],"version-history":[{"count":15,"href":"https:\/\/fiftyturizm.com\/index.php\/wp-json\/wp\/v2\/product\/15654\/revisions"}],"predecessor-version":[{"id":16361,"href":"https:\/\/fiftyturizm.com\/index.php\/wp-json\/wp\/v2\/product\/15654\/revisions\/16361"}],"wp:featuredmedia":[{"embeddable":true,"href":"https:\/\/fiftyturizm.com\/index.php\/wp-json\/wp\/v2\/media\/15655"}],"wp:attachment":[{"href":"https:\/\/fiftyturizm.com\/index.php\/wp-json\/wp\/v2\/media?parent=15654"}],"wp:term":[{"taxonomy":"product_brand","embeddable":true,"href":"https:\/\/fiftyturizm.com\/index.php\/wp-json\/wp\/v2\/product_brand?post=15654"},{"taxonomy":"product_cat","embeddable":true,"href":"https:\/\/fiftyturizm.com\/index.php\/wp-json\/wp\/v2\/product_cat?post=15654"},{"taxonomy":"product_tag","embeddable":true,"href":"https:\/\/fiftyturizm.com\/index.php\/wp-json\/wp\/v2\/product_tag?post=15654"}],"curies":[{"name":"wp","href":"https:\/\/api.w.org\/{rel}","templated":true}]}}