{"id":15690,"date":"2024-01-17T20:43:13","date_gmt":"2024-01-17T17:43:13","guid":{"rendered":"https:\/\/fiftyturizm.com\/?post_type=product&#038;p=15690"},"modified":"2024-05-23T11:05:17","modified_gmt":"2024-05-23T08:05:17","slug":"jeep-safari-tour","status":"publish","type":"product","link":"https:\/\/fiftyturizm.com\/index.php\/urun\/jeep-safari-tour\/","title":{"rendered":"JEEP-SAFARI TOUR"},"content":{"rendered":"\t\t<div data-elementor-type=\"wp-post\" data-elementor-id=\"15690\" class=\"elementor elementor-15690\">\n\t\t\t\t\t\t<section class=\"elementor-section elementor-top-section elementor-element elementor-element-ab4ab1d elementor-section-boxed elementor-section-height-default elementor-section-height-default wd-section-disabled\" data-id=\"ab4ab1d\" data-element_type=\"section\" data-e-type=\"section\">\n\t\t\t\t\t\t<div class=\"elementor-container elementor-column-gap-default\">\n\t\t\t\t\t<div class=\"elementor-column elementor-col-100 elementor-top-column elementor-element elementor-element-55df336\" data-id=\"55df336\" data-element_type=\"column\" data-e-type=\"column\">\n\t\t\t<div class=\"elementor-widget-wrap elementor-element-populated\">\n\t\t\t\t\t\t<div class=\"elementor-element elementor-element-f14d410 elementor-widget elementor-widget-wd_text_block\" data-id=\"f14d410\" data-element_type=\"widget\" data-e-type=\"widget\" data-widget_type=\"wd_text_block.default\">\n\t\t\t\t<div class=\"elementor-widget-container\">\n\t\t\t\t\t\t\t<div class=\"wd-text-block reset-last-child text-left\">\n\t\t\t\n\t\t\t<p><strong>\"Cappadocia Jeep Safari Tour\"<\/strong><\/p><p>Would you like to roam freely in the magnificent valleys and among the fairy chimneys of Cappadocia? The Cappadocia Jeep Safari Tour invites you to discover the unique natural beauty of the region! Get to know Cappadocia up close and savor the unparalleled beauty of nature with our off-road vehicles, guided by our professional drivers.<\/p><p>Our five-person Land Rover jeeps are ready to take you to mysterious valleys, thousand-year-old churches, and hidden cultural areas, revealing the hidden treasures of nature. In our two-hour Jeep Safari tours, you can safely explore steep, mountainous, and dirt roads where tour buses and regular cars cannot reach.<\/p><p><strong>Tour Program:<\/strong><\/p><p><strong>Morning Safari Program \/<\/strong> <strong>10:30 - 12:30<\/strong><\/p><p>The tour begins with picking up our guests from their hotels at the pre-determined time. During the tour, the route includes visits to G\u00f6reme G\u00f6r\u00e7eli Valley, Pigeon Valley (Wishing Tree), Hospital Monastery, Ortahisar Panorama, and G\u00fcll\u00fc Dere Valley Panorama, with breaks for photo opportunities. Guests are offered a champagne treat at a stop of their choice. The exciting jeep tour concludes around 12:30 with dropping off guests at their hotels.<\/p><p><strong>Sunset Safa<\/strong>ri <strong>\/ Summer:<\/strong> <strong>17:00 - 19:00 - Winter: 14:00 - 16:00<\/strong><\/p><p>The tour begins with picking up our guests from their hotels at the pre-determined time. During the tour, the route includes visits to G\u00f6reme G\u00f6r\u00e7eli Valley, Pigeon Valley (Wishing Tree), Hospital Monastery, Ortahisar Panorama, and G\u00fcll\u00fc Dere Valley Panorama, with breaks for photo opportunities. Our experienced driver reaches the most suitable spot for sunset, and while you enjoy the unparalleled sunset, champagne is served to you.<\/p><p><strong>Notes:<\/strong><\/p><p>The tour duration is 2 hours.<\/p><p>The minimum number of participants is 2, and the maximum is 5.<\/p><p>A 10-minute photo break is given at each visited point.<\/p><p id=\"tw-target-text\" class=\"tw-data-text tw-text-large tw-ta\" dir=\"ltr\" data-placeholder=\"\u00c7eviri\" aria-label=\"\u00c7evrilmi\u015f metin\" data-ved=\"2ahUKEwjCx8mEx5uGAxXlAtsEHTduAcYQ3ewLegQIDhAU\"><span class=\"Y2IQFc\" lang=\"en\">For reservations and more information you can contact us at <a href=\"mailto:info@fiftyturizm.com\"><strong>info@fiftyturizm.com<\/strong><\/a> or<\/span><\/p><p class=\"tw-data-text tw-text-large tw-ta\" dir=\"ltr\" data-placeholder=\"\u00c7eviri\" aria-label=\"\u00c7evrilmi\u015f metin\" data-ved=\"2ahUKEwjCx8mEx5uGAxXlAtsEHTduAcYQ3ewLegQIDhAU\"><span class=\"Y2IQFc\" lang=\"en\">by phone:\u00a0 <\/span><strong><span class=\"Y2IQFc\" lang=\"en\">+90 532 449 23 50\u00a0<\/span><\/strong><\/p><p class=\"tw-data-text tw-text-large tw-ta\" dir=\"ltr\" data-placeholder=\"\u00c7eviri\" aria-label=\"\u00c7evrilmi\u015f metin\" data-ved=\"2ahUKEwjCx8mEx5uGAxXlAtsEHTduAcYQ3ewLegQIDhAU\"><strong><span class=\"Y2IQFc\" lang=\"en\"> \u00a0 \u00a0 \u00a0 \u00a0 \u00a0 \u00a0 \u00a0 \u00a0 \u00a0 \u00a0 +90 543 608 87 53<\/span><\/strong><\/p><p class=\"tw-data-text tw-text-large tw-ta\" dir=\"ltr\" data-placeholder=\"\u00c7eviri\" aria-label=\"\u00c7evrilmi\u015f metin\" data-ved=\"2ahUKEwjCx8mEx5uGAxXlAtsEHTduAcYQ3ewLegQIDhAU\"><strong><span class=\"Y2IQFc\" lang=\"en\">\u00a0 \u00a0 \u00a0 \u00a0 \u00a0 \u00a0 \u00a0 \u00a0 \u00a0 \u00a0 +90 532 714 21 60<\/span><\/strong><\/p>\n\t\t\t\t\t<\/div>\n\t\t\t\t\t\t<\/div>\n\t\t\t\t<\/div>\n\t\t\t\t\t<\/div>\n\t\t<\/div>\n\t\t\t\t\t<\/div>\n\t\t<\/section>\n\t\t\t\t<\/div>\n\t\t","protected":false},"excerpt":{"rendered":"<p>Would you like to roam freely in the magnificent valleys and among the fairy chimneys of Cappadocia? The Cappadocia Jeep Safari Tour invites you to discover the unique natural beauty of the region! Get to know Cappadocia up close and savor the unparalleled beauty of nature with our off-road vehicles, guided by our professional drivers.<\/p>\n","protected":false},"featured_media":15691,"template":"","meta":{"_joinchat":[]},"product_brand":[],"product_cat":[71],"product_tag":[],"class_list":{"0":"post-15690","1":"product","2":"type-product","3":"status-publish","4":"has-post-thumbnail","6":"product_cat-activities","8":"first","9":"instock","10":"shipping-taxable","11":"purchasable","12":"product-type-simple"},"_links":{"self":[{"href":"https:\/\/fiftyturizm.com\/index.php\/wp-json\/wp\/v2\/product\/15690","targetHints":{"allow":["GET"]}}],"collection":[{"href":"https:\/\/fiftyturizm.com\/index.php\/wp-json\/wp\/v2\/product"}],"about":[{"href":"https:\/\/fiftyturizm.com\/index.php\/wp-json\/wp\/v2\/types\/product"}],"version-history":[{"count":15,"href":"https:\/\/fiftyturizm.com\/index.php\/wp-json\/wp\/v2\/product\/15690\/revisions"}],"predecessor-version":[{"id":16349,"href":"https:\/\/fiftyturizm.com\/index.php\/wp-json\/wp\/v2\/product\/15690\/revisions\/16349"}],"wp:featuredmedia":[{"embeddable":true,"href":"https:\/\/fiftyturizm.com\/index.php\/wp-json\/wp\/v2\/media\/15691"}],"wp:attachment":[{"href":"https:\/\/fiftyturizm.com\/index.php\/wp-json\/wp\/v2\/media?parent=15690"}],"wp:term":[{"taxonomy":"product_brand","embeddable":true,"href":"https:\/\/fiftyturizm.com\/index.php\/wp-json\/wp\/v2\/product_brand?post=15690"},{"taxonomy":"product_cat","embeddable":true,"href":"https:\/\/fiftyturizm.com\/index.php\/wp-json\/wp\/v2\/product_cat?post=15690"},{"taxonomy":"product_tag","embeddable":true,"href":"https:\/\/fiftyturizm.com\/index.php\/wp-json\/wp\/v2\/product_tag?post=15690"}],"curies":[{"name":"wp","href":"https:\/\/api.w.org\/{rel}","templated":true}]}}