{"id":15750,"date":"2024-01-17T21:06:17","date_gmt":"2024-01-17T18:06:17","guid":{"rendered":"https:\/\/fiftyturizm.com\/?post_type=product&#038;p=15750"},"modified":"2024-05-23T11:00:20","modified_gmt":"2024-05-23T08:00:20","slug":"sunrise-and-baloon-watching-tour","status":"publish","type":"product","link":"https:\/\/fiftyturizm.com\/index.php\/urun\/sunrise-and-baloon-watching-tour\/","title":{"rendered":"SUNRISE AND BALOON WATCHING TOUR"},"content":{"rendered":"\t\t<div data-elementor-type=\"wp-post\" data-elementor-id=\"15750\" class=\"elementor elementor-15750\">\n\t\t\t\t\t\t<section class=\"elementor-section elementor-top-section elementor-element elementor-element-ab4ab1d elementor-section-boxed elementor-section-height-default elementor-section-height-default wd-section-disabled\" data-id=\"ab4ab1d\" data-element_type=\"section\" data-e-type=\"section\">\n\t\t\t\t\t\t<div class=\"elementor-container elementor-column-gap-default\">\n\t\t\t\t\t<div class=\"elementor-column elementor-col-100 elementor-top-column elementor-element elementor-element-55df336\" data-id=\"55df336\" data-element_type=\"column\" data-e-type=\"column\">\n\t\t\t<div class=\"elementor-widget-wrap elementor-element-populated\">\n\t\t\t\t\t\t<div class=\"elementor-element elementor-element-f14d410 elementor-widget elementor-widget-wd_text_block\" data-id=\"f14d410\" data-element_type=\"widget\" data-e-type=\"widget\" data-widget_type=\"wd_text_block.default\">\n\t\t\t\t<div class=\"elementor-widget-container\">\n\t\t\t\t\t\t\t<div class=\"wd-text-block reset-last-child text-left\">\n\t\t\t\n\t\t\t<p>DISCOVER THE ENCHANTING BEAUTY OF CAPPADOCIA WITH A HOT AIR BALLOON WATCHING TOUR!<\/p><p>Enjoy the unique beauty of Cappadocia as you watch colorful balloons floating in the sky. The professional team of <span style=\"color: #000000;\"><strong>Fifty Turizm<\/strong><\/span>, with comfortable transfers, ensures you an unforgettable experience. Starting from the moments of balloon preparation, you can capture these unique moments in photos and videos.<\/p><p>We depart from the hotels before sunrise, around 04:30\/05:00 in the morning. When we arrive at the hot air balloon take-off site, we offer you a breakfast of sandwiches, water, and fruit juice. We provide a break for photos so you can capture the preparation of hot air balloons in photos or videos. After the hot air balloon flights begin, we head towards the Valley of Love or K\u0131z\u0131l\u00e7ukur Valley, depending on the flight route, and here, accompanied by the amazing spectacle of the sunrise and the heavenly view of dozens, or even hundreds, of hot air balloons, we provide a break for photos and videos. After the photo break, we return to the hotel from the moment the hot air balloons start to descend.<\/p><p>Minimum number of people for booking is 2.<\/p><p>Vehicle capacity is from 5 to 12 people.<\/p><p><span class=\"Y2IQFc\" lang=\"en\">For reservations and more information you can contact us at<a href=\"mailto:info@fiftyturizm.com\"><strong> info@fiftyturizm.com<\/strong><\/a> or<\/span><\/p><p class=\"tw-data-text tw-text-large tw-ta\" dir=\"ltr\" data-placeholder=\"\u00c7eviri\" aria-label=\"\u00c7evrilmi\u015f metin\" data-ved=\"2ahUKEwjCx8mEx5uGAxXlAtsEHTduAcYQ3ewLegQIDhAU\"><span class=\"Y2IQFc\" lang=\"en\">by phone: <strong>+90 532 449 23 50 <\/strong><\/span><\/p><p class=\"tw-data-text tw-text-large tw-ta\" dir=\"ltr\" data-placeholder=\"\u00c7eviri\" aria-label=\"\u00c7evrilmi\u015f metin\" data-ved=\"2ahUKEwjCx8mEx5uGAxXlAtsEHTduAcYQ3ewLegQIDhAU\"><strong><span class=\"Y2IQFc\" lang=\"en\">\u00a0 \u00a0 \u00a0 \u00a0 \u00a0 \u00a0 \u00a0 \u00a0 \u00a0 \u00a0+90 543 608 87 53<\/span><\/strong><\/p><p dir=\"ltr\" data-placeholder=\"\u00c7eviri\" aria-label=\"\u00c7evrilmi\u015f metin\" data-ved=\"2ahUKEwjCx8mEx5uGAxXlAtsEHTduAcYQ3ewLegQIDhAU\"><strong>\u00a0 \u00a0 \u00a0 \u00a0 \u00a0 \u00a0 \u00a0 \u00a0 \u00a0 \u00a0+90 532 714 21 60<\/strong><\/p><p>\u00a0Book now for an unforgettable experience in Cappadocia!<\/p>\n\t\t\t\t\t<\/div>\n\t\t\t\t\t\t<\/div>\n\t\t\t\t<\/div>\n\t\t\t\t\t<\/div>\n\t\t<\/div>\n\t\t\t\t\t<\/div>\n\t\t<\/section>\n\t\t\t\t<\/div>\n\t\t","protected":false},"excerpt":{"rendered":"<p id=\"tw-target-text\" class=\"tw-data-text tw-text-large tw-ta\" dir=\"ltr\" data-placeholder=\"\u00c7eviri\" aria-label=\"\u00c7evrilmi\u015f metin\" data-ved=\"2ahUKEwjCx8mEx5uGAxXlAtsEHTduAcYQ3ewLegQIDhAU\"><span class=\"Y2IQFc\" lang=\"en\">Enjoy the unique beauty of Cappadocia as you watch colorful hot air balloons soaring in the sky! The professional team of <em><strong>Fifty Turizm<\/strong><\/em> will provide you with an unforgettable experience. From the moment you prepare the balloons, you can capture these unique moments in photos and videos.<\/span><\/p>\n","protected":false},"featured_media":15751,"template":"","meta":{"_joinchat":[]},"product_brand":[],"product_cat":[71],"product_tag":[],"class_list":{"0":"post-15750","1":"product","2":"type-product","3":"status-publish","4":"has-post-thumbnail","6":"product_cat-activities","8":"first","9":"instock","10":"shipping-taxable","11":"purchasable","12":"product-type-simple"},"_links":{"self":[{"href":"https:\/\/fiftyturizm.com\/index.php\/wp-json\/wp\/v2\/product\/15750","targetHints":{"allow":["GET"]}}],"collection":[{"href":"https:\/\/fiftyturizm.com\/index.php\/wp-json\/wp\/v2\/product"}],"about":[{"href":"https:\/\/fiftyturizm.com\/index.php\/wp-json\/wp\/v2\/types\/product"}],"version-history":[{"count":23,"href":"https:\/\/fiftyturizm.com\/index.php\/wp-json\/wp\/v2\/product\/15750\/revisions"}],"predecessor-version":[{"id":16331,"href":"https:\/\/fiftyturizm.com\/index.php\/wp-json\/wp\/v2\/product\/15750\/revisions\/16331"}],"wp:featuredmedia":[{"embeddable":true,"href":"https:\/\/fiftyturizm.com\/index.php\/wp-json\/wp\/v2\/media\/15751"}],"wp:attachment":[{"href":"https:\/\/fiftyturizm.com\/index.php\/wp-json\/wp\/v2\/media?parent=15750"}],"wp:term":[{"taxonomy":"product_brand","embeddable":true,"href":"https:\/\/fiftyturizm.com\/index.php\/wp-json\/wp\/v2\/product_brand?post=15750"},{"taxonomy":"product_cat","embeddable":true,"href":"https:\/\/fiftyturizm.com\/index.php\/wp-json\/wp\/v2\/product_cat?post=15750"},{"taxonomy":"product_tag","embeddable":true,"href":"https:\/\/fiftyturizm.com\/index.php\/wp-json\/wp\/v2\/product_tag?post=15750"}],"curies":[{"name":"wp","href":"https:\/\/api.w.org\/{rel}","templated":true}]}}