{"id":381,"date":"2021-08-27T12:02:01","date_gmt":"2021-08-27T12:02:01","guid":{"rendered":"http:\/\/dummy.xtemos.com\/woodmart2\/elementor\/?post_type=product&#038;p=381"},"modified":"2024-05-23T11:10:58","modified_gmt":"2024-05-23T08:10:58","slug":"cappadocia-daily-tour","status":"publish","type":"product","link":"https:\/\/fiftyturizm.com\/index.php\/urun\/cappadocia-daily-tour\/","title":{"rendered":"CAPPADOCIA DAILY (RED) TOUR"},"content":{"rendered":"\t\t<div data-elementor-type=\"wp-post\" data-elementor-id=\"381\" class=\"elementor elementor-381\">\n\t\t\t\t\t\t<section class=\"elementor-section elementor-top-section elementor-element elementor-element-ab4ab1d elementor-section-boxed elementor-section-height-default elementor-section-height-default wd-section-disabled\" data-id=\"ab4ab1d\" data-element_type=\"section\" data-e-type=\"section\">\n\t\t\t\t\t\t<div class=\"elementor-container elementor-column-gap-default\">\n\t\t\t\t\t<div class=\"elementor-column elementor-col-100 elementor-top-column elementor-element elementor-element-55df336\" data-id=\"55df336\" data-element_type=\"column\" data-e-type=\"column\">\n\t\t\t<div class=\"elementor-widget-wrap elementor-element-populated\">\n\t\t\t\t\t\t<div class=\"elementor-element elementor-element-f14d410 elementor-widget elementor-widget-wd_text_block\" data-id=\"f14d410\" data-element_type=\"widget\" data-e-type=\"widget\" data-widget_type=\"wd_text_block.default\">\n\t\t\t\t<div class=\"elementor-widget-container\">\n\t\t\t\t\t\t\t<div class=\"wd-text-block reset-last-child text-left\">\n\t\t\t\n\t\t\t<p>Our tour starts around 09:30 \/ 09:45 in the morning with the pick-up of our guests from their hotels using our company vehicles. Throughout the tour, our licensed guide, accredited by the Ministry of Tourism and Culture, accompanies our guests and provides information about the region.<\/p><p>The tour route is determined based on the location of our guests' hotels. To avoid any time loss, the route is determined by our guide according to the hotel pick-up times and locations, and guests are informed about this before the start of the tour.<\/p><p>Places to be visited during the tour:<\/p><p><strong>U\u00e7hisar Castle<\/strong><\/p><p>U\u00e7hisar Castle, formed by natural formations of steep rocks on a high hill, is an absolute must-visit point in Cappadocia. The settlement history in the castle dates back to the Roman period.<\/p><p><strong>G\u00f6reme<\/strong><\/p><p>G\u00f6reme, one of the famous tourist centers in the region, can be observed from a high point during the photo break, where you can take wonderful photos.<\/p><p><strong>Love Valley<\/strong><\/p><p>Love Valley is a wonderful stop where the formations of fairy chimneys in the region can be seen very clearly from above, allowing our guests to take immortal photos of their Cappadocia trips.<\/p><p><strong>Zelve Open-Air Museum<\/strong><\/p><p>In Zelve, listed on the UNESCO World Heritage List since 1985, you can see the rock churches, chapels, and an Orthodox monastery where the first Christians built to escape Roman persecution.<\/p><p><strong>Pa\u015faba\u011flar\u0131<\/strong><\/p><p>In our visit to the Pa\u015faba\u011f fairy chimneys valley, we have the opportunity to see the fairy chimney formations that we generally observe from the hills up close.<\/p><p><strong><u>After having lunch at a local restaurant;<\/u><\/strong><\/p><p><strong>Avanos<\/strong><\/p><p>The district of Avanos has been the center of baked clay art from the Hittite period to the present day. The longest river in Turkey, the K\u0131z\u0131l\u0131rmak River, passes through this district, and the clay used in pottery production is obtained from here. Here, we have the chance to watch and try traditional pottery art in a large underground city store.<\/p><p><strong>Dervent Valley (Imagination Valley)<\/strong><\/p><p>In this stop, we will see the rock formations in different shapes. The valley is not called Imagination Valley for nothing because the rocks really have shapes that will surprise you, and you can also have fun using your imagination.<\/p><p><strong>The number of people in group tours is a maximum of 10.<\/strong><\/p><p>During the tour, guests are responsible for covering the entrance fees to the historical sites. At the entrances of these historical sites, tickets can be obtained with the assistance of our guides.<\/p><p>The Republic of Turkey Ministry of Culture and Tourism, as well as National Palaces, provide the opportunity for free entry to museums and historical sites for one year. The Museum Pass is a card issued by the Ministry of Culture and Tourism and is only available to citizens of the Republic of Turkey.<\/p><p>Individuals who are 65 years and older, veterans, the spouses and children of martyrs and veterans, Turkish citizens with disabilities and their companions, soldiers, ICOM, ICOMOS, and UNESCO cardholders, press cardholders, and foreign children aged 0-8 can enter museums for free by presenting the mentioned identification.<\/p><p><strong>Tour Route:<\/strong><\/p><ul><li>U\u00e7hisar Castle<\/li><li>G\u00f6reme<\/li><li>Love Valley<\/li><li>Zelve<\/li><li>Pa\u015faba\u011flar\u0131<\/li><li>Avanos<\/li><li>Dervent (Imagination Valley)<\/li><\/ul><p><strong>Services Included in the Price:<\/strong><\/p><ul><li>Transfer<\/li><li>Professional, experienced, and licensed guide<\/li><li>Lunch<\/li><\/ul><p>For detailed information and reservations you can contact us at <a href=\"mailto:info@fiftyturizm.com\"><strong>info@fiftyturizm.com<\/strong><\/a> or<\/p><p>by phone:\u00a0 \u00a0 \u00a0 <strong>+90 532 449 23 50<\/strong><\/p><p><strong>\u00a0 \u00a0 \u00a0 \u00a0 \u00a0 \u00a0 \u00a0 \u00a0 \u00a0 \u00a0 \u00a0 \u00a0+90 543 608 87 53\u00a0<\/strong><\/p><p><strong>\u00a0 \u00a0 \u00a0 \u00a0 \u00a0 \u00a0 \u00a0 \u00a0 \u00a0 \u00a0 \u00a0 \u00a0 +90 532 714 21 60<\/strong><\/p>\n\t\t\t\t\t<\/div>\n\t\t\t\t\t\t<\/div>\n\t\t\t\t<\/div>\n\t\t\t\t\t<\/div>\n\t\t<\/div>\n\t\t\t\t\t<\/div>\n\t\t<\/section>\n\t\t\t\t<\/div>\n\t\t","protected":false},"excerpt":{"rendered":"<p>Our tour starts around 09:30 \/ 09:45 in the morning with the pick-up of our guests from their hotels using our company vehicles. Throughout the tour, our licensed guide, accredited by the Ministry of Tourism and Culture, accompanies our guests and provides information about the region.<\/p>\n","protected":false},"featured_media":15617,"template":"","meta":{"_joinchat":[]},"product_brand":[],"product_cat":[70],"product_tag":[],"class_list":{"0":"post-381","1":"product","2":"type-product","3":"status-publish","4":"has-post-thumbnail","6":"product_cat-tours","8":"first","9":"instock","10":"shipping-taxable","11":"purchasable","12":"product-type-simple"},"_links":{"self":[{"href":"https:\/\/fiftyturizm.com\/index.php\/wp-json\/wp\/v2\/product\/381","targetHints":{"allow":["GET"]}}],"collection":[{"href":"https:\/\/fiftyturizm.com\/index.php\/wp-json\/wp\/v2\/product"}],"about":[{"href":"https:\/\/fiftyturizm.com\/index.php\/wp-json\/wp\/v2\/types\/product"}],"version-history":[{"count":17,"href":"https:\/\/fiftyturizm.com\/index.php\/wp-json\/wp\/v2\/product\/381\/revisions"}],"predecessor-version":[{"id":16367,"href":"https:\/\/fiftyturizm.com\/index.php\/wp-json\/wp\/v2\/product\/381\/revisions\/16367"}],"wp:featuredmedia":[{"embeddable":true,"href":"https:\/\/fiftyturizm.com\/index.php\/wp-json\/wp\/v2\/media\/15617"}],"wp:attachment":[{"href":"https:\/\/fiftyturizm.com\/index.php\/wp-json\/wp\/v2\/media?parent=381"}],"wp:term":[{"taxonomy":"product_brand","embeddable":true,"href":"https:\/\/fiftyturizm.com\/index.php\/wp-json\/wp\/v2\/product_brand?post=381"},{"taxonomy":"product_cat","embeddable":true,"href":"https:\/\/fiftyturizm.com\/index.php\/wp-json\/wp\/v2\/product_cat?post=381"},{"taxonomy":"product_tag","embeddable":true,"href":"https:\/\/fiftyturizm.com\/index.php\/wp-json\/wp\/v2\/product_tag?post=381"}],"curies":[{"name":"wp","href":"https:\/\/api.w.org\/{rel}","templated":true}]}}